{"id":215,"date":"2025-03-07T00:49:51","date_gmt":"2025-03-07T00:49:51","guid":{"rendered":"https:\/\/guate.conexion2.online\/?page_id=215"},"modified":"2025-03-13T10:33:03","modified_gmt":"2025-03-13T10:33:03","slug":"contactanos","status":"publish","type":"page","link":"https:\/\/conexiones.conexion2.es\/index.php\/contactanos\/","title":{"rendered":"Contactanos"},"content":{"rendered":"<p>[et_pb_section fb_built=\u00bb1&#8243; custom_padding_last_edited=\u00bbon|phone\u00bb admin_label=\u00bbHeader\u00bb _builder_version=\u00bb4.16&#8243; use_background_color_gradient=\u00bbon\u00bb background_color_gradient_direction=\u00bb220deg\u00bb background_color_gradient_stops=\u00bb#0e4de3 0%|#001b56 100%\u00bb background_color_gradient_start=\u00bb#0e4de3&#8243; background_color_gradient_end=\u00bb#001b56&#8243; background_image=\u00bbhttps:\/\/conexiones.conexion2.es\/wp-content\/uploads\/2025\/03\/robotics-05-1.png\u00bb background_size=\u00bbinitial\u00bb background_position=\u00bbbottom_right\u00bb width=\u00bb90%\u00bb custom_margin=\u00bb||||false|false\u00bb custom_margin_last_edited=\u00bboff|tablet\u00bb custom_padding=\u00bb6vw||6vw|10vw|true|false\u00bb custom_padding_tablet=\u00bb|10vw||10vw|false|true\u00bb custom_padding_phone=\u00bb\u00bb locked=\u00bboff\u00bb global_colors_info=\u00bb{}\u00bb][et_pb_row column_structure=\u00bb1_2,1_2&#8243; _builder_version=\u00bb4.27.4&#8243; width=\u00bb100%\u00bb global_colors_info=\u00bb{}\u00bb][et_pb_column type=\u00bb1_2&#8243; _builder_version=\u00bb4.27.4&#8243; global_colors_info=\u00bb{}\u00bb][et_pb_text _builder_version=\u00bb4.27.4&#8243; text_font=\u00bbExo 2|||on|||||\u00bb text_text_color=\u00bb#fdba5f\u00bb text_letter_spacing=\u00bb1px\u00bb global_colors_info=\u00bb{}\u00bb]<\/p>\n<p>cont\u00e1ctanos<\/p>\n<p>[\/et_pb_text][et_pb_text _builder_version=\u00bb4.27.4&#8243; header_font=\u00bbBungee Hairline|600|||||||\u00bb header_font_size=\u00bb72px\u00bb background_layout=\u00bbdark\u00bb header_font_size_tablet=\u00bb48px\u00bb header_font_size_phone=\u00bb28px\u00bb header_font_size_last_edited=\u00bbon|desktop\u00bb global_colors_info=\u00bb{}\u00bb]<\/p>\n<h2>Escr\u00edbanos su e-mail\u00a0<\/h2>\n<p>[\/et_pb_text][et_pb_text _builder_version=\u00bb4.27.4&#8243; text_font=\u00bbPT Sans||||||||\u00bb text_font_size=\u00bb18px\u00bb text_line_height=\u00bb1.8em\u00bb background_layout=\u00bbdark\u00bb text_font_size_tablet=\u00bb15px\u00bb text_font_size_phone=\u00bb14px\u00bb text_font_size_last_edited=\u00bbon|phone\u00bb global_colors_info=\u00bb{}\u00bb]<\/p>\n<p><span>Tanto si desea realizar una reserva, como resolver alguna duda, o comentarnos acerca de, qu\u00e9 es lo que necesita; p\u00f3ngase en contacto con uno de los asesores, que le ayudar\u00e1n con todo gusto.<\/span><\/p>\n<p>[\/et_pb_text][\/et_pb_column][et_pb_column type=\u00bb1_2&#8243; _builder_version=\u00bb4.27.4&#8243; border_radii=\u00bbon|5px|5px|5px|5px\u00bb box_shadow_style=\u00bbpreset3&#8243; box_shadow_vertical=\u00bb60px\u00bb box_shadow_blur=\u00bb80px\u00bb box_shadow_spread=\u00bb-10px\u00bb box_shadow_color=\u00bbrgba(14,69,234,0.32)\u00bb global_colors_info=\u00bb{}\u00bb][et_pb_contact_form email=\u00bbconexio3@tx5.fcomet.com, kensetwannam@gmail.com, kenset@conexion2.online, consolidaciondenegocios@gmail.com, support@46876055.hubspot-inbox.com\u00bb title=\u00bbSu comunicaci\u00f3n es importante:\u00bb success_message=\u00bb\u00a1Gracias por contactarnos!\u00bb _builder_version=\u00bb4.27.4&#8243; form_field_background_color=\u00bb#f7f9fc\u00bb form_field_custom_margin=\u00bb||24px||false|false\u00bb background_color=\u00bb#C88BDA\u00bb custom_button=\u00bbon\u00bb button_text_size=\u00bb14px\u00bb button_text_color=\u00bb#ffffff\u00bb button_bg_color=\u00bb#0e4de3&#8243; button_border_width=\u00bb0px\u00bb button_letter_spacing=\u00bb1px\u00bb button_font=\u00bbExo 2|500||on|||||\u00bb button_custom_margin=\u00bb30px||||false|false\u00bb button_custom_padding=\u00bb10px|30px|10px|30px|true|true\u00bb custom_padding=\u00bb40px|30px|40px|30px|true|true\u00bb custom_padding_tablet=\u00bb\u00bb custom_padding_phone=\u00bb20px|20px|20px|20px|true|true\u00bb custom_padding_last_edited=\u00bbon|desktop\u00bb hover_enabled=\u00bb0&#8243; border_radii=\u00bbon|5px|5px|5px|5px\u00bb border_width_all=\u00bb1px\u00bb border_color_all=\u00bb#e3e9f3&#8243; global_colors_info=\u00bb{}\u00bb custom_message=\u00bbNombre: %%Nombre%%||et_pb_line_break_holder||Email: %%Email%%||et_pb_line_break_holder||Mensaje: %%Mensaje%%\u00bb sticky_enabled=\u00bb0&#8243; form_field_font_size=\u00bb17px\u00bb form_field_text_shadow_style=\u00bbpreset4&#8243; button_icon=\u00bb&#xe010;||divi||400&#8243; button_text_shadow_style=\u00bbpreset4&#8243; box_shadow_style=\u00bbpreset4&#8243; captcha_text_color=\u00bb#000000&#8243; captcha_font_size=\u00bb18px\u00bb captcha_letter_spacing=\u00bb4px\u00bb title_text_color=\u00bb#000000&#8243;][et_pb_contact_field field_id=\u00bbNombre\u00bb field_title=\u00bbNombre y apellido:\u00bb fullwidth_field=\u00bbon\u00bb _builder_version=\u00bb4.27.4&#8243; hover_enabled=\u00bb0&#8243; global_colors_info=\u00bb{}\u00bb button_text_size__hover_enabled=\u00bboff\u00bb button_one_text_size__hover_enabled=\u00bboff\u00bb button_two_text_size__hover_enabled=\u00bboff\u00bb button_text_color__hover_enabled=\u00bboff\u00bb button_one_text_color__hover_enabled=\u00bboff\u00bb button_two_text_color__hover_enabled=\u00bboff\u00bb button_border_width__hover_enabled=\u00bboff\u00bb button_one_border_width__hover_enabled=\u00bboff\u00bb button_two_border_width__hover_enabled=\u00bboff\u00bb button_border_color__hover_enabled=\u00bboff\u00bb button_one_border_color__hover_enabled=\u00bboff\u00bb button_two_border_color__hover_enabled=\u00bboff\u00bb button_border_radius__hover_enabled=\u00bboff\u00bb button_one_border_radius__hover_enabled=\u00bboff\u00bb button_two_border_radius__hover_enabled=\u00bboff\u00bb button_letter_spacing__hover_enabled=\u00bboff\u00bb button_one_letter_spacing__hover_enabled=\u00bboff\u00bb button_two_letter_spacing__hover_enabled=\u00bboff\u00bb button_bg_color__hover_enabled=\u00bboff\u00bb button_one_bg_color__hover_enabled=\u00bboff\u00bb button_two_bg_color__hover_enabled=\u00bboff\u00bb form_field_text_color=\u00bb#000000&#8243; sticky_enabled=\u00bb0&#8243;][\/et_pb_contact_field][et_pb_contact_field field_id=\u00bbEmail\u00bb field_title=\u00bbEmail:\u00bb field_type=\u00bbemail\u00bb fullwidth_field=\u00bbon\u00bb _builder_version=\u00bb4.27.4&#8243; hover_enabled=\u00bb0&#8243; global_colors_info=\u00bb{}\u00bb button_text_size__hover_enabled=\u00bboff\u00bb button_one_text_size__hover_enabled=\u00bboff\u00bb button_two_text_size__hover_enabled=\u00bboff\u00bb button_text_color__hover_enabled=\u00bboff\u00bb button_one_text_color__hover_enabled=\u00bboff\u00bb button_two_text_color__hover_enabled=\u00bboff\u00bb button_border_width__hover_enabled=\u00bboff\u00bb button_one_border_width__hover_enabled=\u00bboff\u00bb button_two_border_width__hover_enabled=\u00bboff\u00bb button_border_color__hover_enabled=\u00bboff\u00bb button_one_border_color__hover_enabled=\u00bboff\u00bb button_two_border_color__hover_enabled=\u00bboff\u00bb button_border_radius__hover_enabled=\u00bboff\u00bb button_one_border_radius__hover_enabled=\u00bboff\u00bb button_two_border_radius__hover_enabled=\u00bboff\u00bb button_letter_spacing__hover_enabled=\u00bboff\u00bb button_one_letter_spacing__hover_enabled=\u00bboff\u00bb button_two_letter_spacing__hover_enabled=\u00bboff\u00bb button_bg_color__hover_enabled=\u00bboff\u00bb button_one_bg_color__hover_enabled=\u00bboff\u00bb button_two_bg_color__hover_enabled=\u00bboff\u00bb form_field_text_color=\u00bb#000000&#8243; sticky_enabled=\u00bb0&#8243;][\/et_pb_contact_field][et_pb_contact_field field_id=\u00bbMensaje\u00bb field_title=\u00bbEscriba su mensaje aqui:\u00bb field_type=\u00bbtext\u00bb fullwidth_field=\u00bbon\u00bb _builder_version=\u00bb4.27.4&#8243; hover_enabled=\u00bb0&#8243; global_colors_info=\u00bb{}\u00bb button_text_size__hover_enabled=\u00bboff\u00bb button_one_text_size__hover_enabled=\u00bboff\u00bb button_two_text_size__hover_enabled=\u00bboff\u00bb button_text_color__hover_enabled=\u00bboff\u00bb button_one_text_color__hover_enabled=\u00bboff\u00bb button_two_text_color__hover_enabled=\u00bboff\u00bb button_border_width__hover_enabled=\u00bboff\u00bb button_one_border_width__hover_enabled=\u00bboff\u00bb button_two_border_width__hover_enabled=\u00bboff\u00bb button_border_color__hover_enabled=\u00bboff\u00bb button_one_border_color__hover_enabled=\u00bboff\u00bb button_two_border_color__hover_enabled=\u00bboff\u00bb button_border_radius__hover_enabled=\u00bboff\u00bb button_one_border_radius__hover_enabled=\u00bboff\u00bb button_two_border_radius__hover_enabled=\u00bboff\u00bb button_letter_spacing__hover_enabled=\u00bboff\u00bb button_one_letter_spacing__hover_enabled=\u00bboff\u00bb button_two_letter_spacing__hover_enabled=\u00bboff\u00bb button_bg_color__hover_enabled=\u00bboff\u00bb button_one_bg_color__hover_enabled=\u00bboff\u00bb button_two_bg_color__hover_enabled=\u00bboff\u00bb form_field_text_color=\u00bb#000000&#8243; sticky_enabled=\u00bb0&#8243;][\/et_pb_contact_field][\/et_pb_contact_form][\/et_pb_column][\/et_pb_row][\/et_pb_section][et_pb_section fb_built=\u00bb1&#8243; admin_label=\u00bbContact\u00bb _builder_version=\u00bb4.16&#8243; global_colors_info=\u00bb{}\u00bb][et_pb_row column_structure=\u00bb1_3,1_3,1_3&#8243; make_equal=\u00bbon\u00bb _builder_version=\u00bb4.16&#8243; z_index=\u00bb10&#8243; custom_margin=\u00bb-140px||||false|false\u00bb custom_margin_tablet=\u00bb0px||||false|false\u00bb custom_margin_phone=\u00bb\u00bb custom_margin_last_edited=\u00bbon|tablet\u00bb global_colors_info=\u00bb{}\u00bb][et_pb_column type=\u00bb1_3&#8243; _builder_version=\u00bb4.16&#8243; use_background_color_gradient=\u00bbon\u00bb background_color_gradient_stops=\u00bb#001b56 0%|#01217d 100%\u00bb background_color_gradient_start=\u00bb#001b56&#8243; background_color_gradient_end=\u00bb#01217d\u00bb custom_padding=\u00bb50px|30px|50px|30px|true|true\u00bb border_radii=\u00bbon|10px|10px|10px|10px\u00bb box_shadow_style=\u00bbpreset3&#8243; box_shadow_vertical=\u00bb60px\u00bb box_shadow_blur=\u00bb80px\u00bb box_shadow_color=\u00bbrgba(98,116,138,0.48)\u00bb global_colors_info=\u00bb{}\u00bb][et_pb_blurb title=\u00bbDireccion\u00bb image=\u00bbhttps:\/\/conexiones.conexion2.es\/wp-content\/uploads\/2025\/03\/robotics-icon-21.png\u00bb _builder_version=\u00bb4.27.4&#8243; header_font=\u00bbExo 2||||||||\u00bb header_text_color=\u00bb#ffffff\u00bb header_line_height=\u00bb1.8em\u00bb body_font=\u00bbExo 2|600|||||||\u00bb body_text_color=\u00bb#ffffff\u00bb body_font_size=\u00bb18px\u00bb text_orientation=\u00bbcenter\u00bb custom_padding=\u00bb||0px|||\u00bb animation=\u00bboff\u00bb locked=\u00bboff\u00bb global_colors_info=\u00bb{}\u00bb]<\/p>\n<p><span style=\"font-size: 18px;\">1ra. calle 8-90, zona 1 (previa cita)<\/span><\/p>\n<p>[\/et_pb_blurb][\/et_pb_column][et_pb_column type=\u00bb1_3&#8243; _builder_version=\u00bb4.16&#8243; use_background_color_gradient=\u00bbon\u00bb background_color_gradient_stops=\u00bb#001b56 0%|#01217d 100%\u00bb background_color_gradient_start=\u00bb#001b56&#8243; background_color_gradient_end=\u00bb#01217d\u00bb custom_padding=\u00bb50px|30px|50px|30px|true|true\u00bb border_radii=\u00bbon|10px|10px|10px|10px\u00bb box_shadow_style=\u00bbpreset3&#8243; box_shadow_vertical=\u00bb60px\u00bb box_shadow_blur=\u00bb80px\u00bb box_shadow_color=\u00bbrgba(98,116,138,0.48)\u00bb global_colors_info=\u00bb{}\u00bb][et_pb_blurb title=\u00bbEmail\u00bb image=\u00bbhttps:\/\/conexiones.conexion2.es\/wp-content\/uploads\/2025\/03\/robotics-icon-20.png\u00bb _builder_version=\u00bb4.27.4&#8243; header_font=\u00bbExo 2||||||||\u00bb header_text_color=\u00bb#ffffff\u00bb header_line_height=\u00bb1.8em\u00bb body_font=\u00bbExo 2|600|||||||\u00bb body_text_color=\u00bb#ffffff\u00bb body_font_size=\u00bb18px\u00bb text_orientation=\u00bbcenter\u00bb animation=\u00bboff\u00bb hover_enabled=\u00bb0&#8243; locked=\u00bboff\u00bb global_colors_info=\u00bb{}\u00bb sticky_enabled=\u00bb0&#8243;]<\/p>\n<table width=\"123\">\n<tbody>\n<tr>\n<td width=\"123\"><a href=\"mailto:conexio3@tx5.fcomet.com\">conexio3@tx5.fcomet.com<\/a><\/td>\n<\/tr>\n<\/tbody>\n<\/table>\n<p>[\/et_pb_blurb][\/et_pb_column][et_pb_column type=\u00bb1_3&#8243; _builder_version=\u00bb4.16&#8243; use_background_color_gradient=\u00bbon\u00bb background_color_gradient_stops=\u00bb#001b56 0%|#01217d 100%\u00bb background_color_gradient_start=\u00bb#001b56&#8243; background_color_gradient_end=\u00bb#01217d\u00bb custom_padding=\u00bb50px|30px|50px|30px|true|true\u00bb border_radii=\u00bbon|10px|10px|10px|10px\u00bb box_shadow_style=\u00bbpreset3&#8243; box_shadow_vertical=\u00bb60px\u00bb box_shadow_blur=\u00bb80px\u00bb box_shadow_color=\u00bbrgba(98,116,138,0.48)\u00bb global_colors_info=\u00bb{}\u00bb][et_pb_blurb title=\u00bbLlama\u00bb image=\u00bbhttps:\/\/conexiones.conexion2.es\/wp-content\/uploads\/2025\/03\/robotics-icon-19.png\u00bb _builder_version=\u00bb4.27.4&#8243; header_font=\u00bbExo 2||||||||\u00bb header_text_color=\u00bb#ffffff\u00bb header_line_height=\u00bb1.8em\u00bb body_font=\u00bbExo 2|600|||||||\u00bb body_text_color=\u00bb#ffffff\u00bb body_font_size=\u00bb18px\u00bb text_orientation=\u00bbcenter\u00bb animation=\u00bboff\u00bb global_colors_info=\u00bb{}\u00bb]<\/p>\n<p>(502)-5323-1008<\/p>\n<p>[\/et_pb_blurb][\/et_pb_column][\/et_pb_row][et_pb_row column_structure=\u00bb2_5,3_5&#8243; _builder_version=\u00bb4.27.4&#8243; global_colors_info=\u00bb{}\u00bb][et_pb_column type=\u00bb2_5&#8243; _builder_version=\u00bb4.16&#8243; global_colors_info=\u00bb{}\u00bb][et_pb_text _builder_version=\u00bb4.27.4&#8243; text_font=\u00bbExo 2|||on|||||\u00bb text_text_color=\u00bb#0e4de3&#8243; text_letter_spacing=\u00bb1px\u00bb text_orientation_tablet=\u00bbcenter\u00bb text_orientation_last_edited=\u00bboff|desktop\u00bb locked=\u00bboff\u00bb global_colors_info=\u00bb{}\u00bb]<\/p>\n<p>Visitanos<\/p>\n<p>[\/et_pb_text][et_pb_text _builder_version=\u00bb4.16&#8243; header_2_font=\u00bbExo 2|600|||||||\u00bb header_2_font_size=\u00bb48px\u00bb header_2_line_height=\u00bb1.2em\u00bb header_2_font_size_tablet=\u00bb32px\u00bb header_2_font_size_phone=\u00bb20px\u00bb header_2_font_size_last_edited=\u00bbon|phone\u00bb locked=\u00bboff\u00bb global_colors_info=\u00bb{}\u00bb]<\/p>\n<h2><span>Visita nuestra sala de exposici\u00f3n<\/span><\/h2>\n<p>[\/et_pb_text][et_pb_text _builder_version=\u00bb4.27.4&#8243; text_font=\u00bbPT Sans||||||||\u00bb text_font_size=\u00bb16px\u00bb text_line_height=\u00bb1.9em\u00bb module_alignment=\u00bbcenter\u00bb text_font_size_tablet=\u00bb15px\u00bb text_font_size_phone=\u00bb14px\u00bb text_font_size_last_edited=\u00bbon|tablet\u00bb text_orientation_tablet=\u00bbcenter\u00bb text_orientation_last_edited=\u00bboff|tablet\u00bb locked=\u00bboff\u00bb global_colors_info=\u00bb{}\u00bb]<\/p>\n<p>Te podemos hacer una demo de lo que necesitas tanto en comercio electronico como punto de venta o manejo de inventario en linea.<\/p>\n<p>Escr\u00edbanos o ll\u00e1menos para programar una cita.<\/p>\n<p>[\/et_pb_text][\/et_pb_column][et_pb_column type=\u00bb3_5&#8243; _builder_version=\u00bb4.16&#8243; global_colors_info=\u00bb{}\u00bb][et_pb_map address=\u00bbSan Francisco, CA, USA\u00bb address_lat=\u00bb37.7749295&#8243; address_lng=\u00bb-122.4194155&#8243; mouse_wheel=\u00bboff\u00bb _builder_version=\u00bb4.27.4&#8243; filter_saturate=\u00bb0%\u00bb border_radii=\u00bbon|8px|8px|8px|8px\u00bb locked=\u00bboff\u00bb global_colors_info=\u00bb{}\u00bb][et_pb_map_pin pin_address=\u00bbSan Francisco, CA, USA\u00bb pin_address_lat=\u00bb37.7749295&#8243; pin_address_lng=\u00bb-122.4194155&#8243; _builder_version=\u00bb4.4.8&#8243; global_colors_info=\u00bb{}\u00bb][\/et_pb_map_pin][\/et_pb_map][\/et_pb_column][\/et_pb_row][\/et_pb_section]<\/p>\n","protected":false},"excerpt":{"rendered":"<p>cont\u00e1ctanosEscr\u00edbanos su e-mail\u00a0Tanto si desea realizar una reserva, como resolver alguna duda, o comentarnos acerca de, qu\u00e9 es lo que necesita; p\u00f3ngase en contacto con uno de los asesores, que le ayudar\u00e1n con todo gusto.1ra. calle 8-90, zona 1 (previa cita) conexio3@tx5.fcomet.com (502)-5323-1008VisitanosVisita nuestra sala de exposici\u00f3nTe podemos hacer una demo de lo que necesitas [&hellip;]<\/p>\n","protected":false},"author":1,"featured_media":0,"parent":0,"menu_order":0,"comment_status":"closed","ping_status":"closed","template":"","meta":{"_et_pb_use_builder":"on","_et_pb_old_content":"","_et_gb_content_width":"","footnotes":""},"class_list":["post-215","page","type-page","status-publish","hentry"],"_links":{"self":[{"href":"https:\/\/conexiones.conexion2.es\/index.php\/wp-json\/wp\/v2\/pages\/215","targetHints":{"allow":["GET"]}}],"collection":[{"href":"https:\/\/conexiones.conexion2.es\/index.php\/wp-json\/wp\/v2\/pages"}],"about":[{"href":"https:\/\/conexiones.conexion2.es\/index.php\/wp-json\/wp\/v2\/types\/page"}],"author":[{"embeddable":true,"href":"https:\/\/conexiones.conexion2.es\/index.php\/wp-json\/wp\/v2\/users\/1"}],"replies":[{"embeddable":true,"href":"https:\/\/conexiones.conexion2.es\/index.php\/wp-json\/wp\/v2\/comments?post=215"}],"version-history":[{"count":19,"href":"https:\/\/conexiones.conexion2.es\/index.php\/wp-json\/wp\/v2\/pages\/215\/revisions"}],"predecessor-version":[{"id":344,"href":"https:\/\/conexiones.conexion2.es\/index.php\/wp-json\/wp\/v2\/pages\/215\/revisions\/344"}],"wp:attachment":[{"href":"https:\/\/conexiones.conexion2.es\/index.php\/wp-json\/wp\/v2\/media?parent=215"}],"curies":[{"name":"wp","href":"https:\/\/api.w.org\/{rel}","templated":true}]}}